{"id":13,"date":"2025-06-09T20:03:56","date_gmt":"2025-06-09T20:03:56","guid":{"rendered":"https:\/\/urbanotoursrd.com\/cart\/"},"modified":"2025-09-01T12:39:38","modified_gmt":"2025-09-01T12:39:38","slug":"cart","status":"publish","type":"page","link":"https:\/\/urbanotoursrd.com\/es\/cart\/","title":{"rendered":"Carrito"},"content":{"rendered":"<div data-block-name=\"woocommerce\/cart\" class=\"wp-block-woocommerce-cart alignwide is-loading\">\n<div data-block-name=\"woocommerce\/filled-cart-block\" class=\"wp-block-woocommerce-filled-cart-block\">\n<div data-block-name=\"woocommerce\/cart-items-block\" class=\"wp-block-woocommerce-cart-items-block\">\n<div data-block-name=\"woocommerce\/cart-line-items-block\" class=\"wp-block-woocommerce-cart-line-items-block\"><\/div>\n\n\n\n<div data-block-name=\"woocommerce\/cart-cross-sells-block\" class=\"wp-block-woocommerce-cart-cross-sells-block\">\n<h2 class=\"wp-block-heading has-large-font-size\">You may be interested in\u2026<\/h2>\n\n\n\n<div data-block-name=\"woocommerce\/cart-cross-sells-products-block\" class=\"wp-block-woocommerce-cart-cross-sells-products-block\"><\/div>\n<\/div>\n<\/div>\n\n\n\n<div data-block-name=\"woocommerce\/cart-totals-block\" class=\"wp-block-woocommerce-cart-totals-block\">\n<div data-block-name=\"woocommerce\/cart-order-summary-block\" class=\"wp-block-woocommerce-cart-order-summary-block\">\n<div data-block-name=\"woocommerce\/cart-order-summary-heading-block\" class=\"wp-block-woocommerce-cart-order-summary-heading-block\"><\/div><div data-block-name=\"woocommerce\/cart-order-summary-coupon-form-block\" class=\"wp-block-woocommerce-cart-order-summary-coupon-form-block\"><\/div><div data-block-name=\"woocommerce\/cart-order-summary-totals-block\" class=\"wp-block-woocommerce-cart-order-summary-totals-block\">\n<div data-block-name=\"woocommerce\/cart-order-summary-subtotal-block\" class=\"wp-block-woocommerce-cart-order-summary-subtotal-block\"><\/div>\n<div data-block-name=\"woocommerce\/cart-order-summary-discount-block\" class=\"wp-block-woocommerce-cart-order-summary-discount-block\"><\/div>\n<div data-block-name=\"woocommerce\/cart-order-summary-fee-block\" class=\"wp-block-woocommerce-cart-order-summary-fee-block\"><\/div>\n<div data-block-name=\"woocommerce\/cart-order-summary-shipping-block\" class=\"wp-block-woocommerce-cart-order-summary-shipping-block\"><\/div>\n<div data-block-name=\"woocommerce\/cart-order-summary-taxes-block\" class=\"wp-block-woocommerce-cart-order-summary-taxes-block\"><\/div><\/div>\n<\/div>\n\n\n\n<div data-block-name=\"woocommerce\/cart-express-payment-block\" class=\"wp-block-woocommerce-cart-express-payment-block\"><\/div>\n\n\n\n<div data-block-name=\"woocommerce\/proceed-to-checkout-block\" class=\"wp-block-woocommerce-proceed-to-checkout-block\"><\/div>\n\n\n\n<div data-block-name=\"woocommerce\/cart-accepted-payment-methods-block\" class=\"wp-block-woocommerce-cart-accepted-payment-methods-block\"><\/div>\n<\/div>\n<\/div>\n\n\n\n<div data-block-name=\"woocommerce\/empty-cart-block\" class=\"wp-block-woocommerce-empty-cart-block\">\n<h2 class=\"wp-block-heading has-text-align-center with-empty-cart-icon wc-block-cart__empty-cart__title\">Your cart is currently empty!<\/h2>\n\n\n\n<hr class=\"wp-block-separator has-alpha-channel-opacity is-style-dots\"\/>\n\n\n\n<h2 class=\"wp-block-heading has-text-align-center\">New in store<\/h2>\n\n\n<div data-block-name=\"woocommerce\/product-new\" data-columns=\"4\" data-rows=\"1\" class=\"wc-block-grid wp-block-product-new wp-block-woocommerce-product-new wc-block-product-new has-4-columns\"><ul class=\"wc-block-grid__products\"><li class=\"wc-block-grid__product\">\n\t\t\t\t<a href=\"https:\/\/urbanotoursrd.com\/es\/product\/borrador-automatico-5\/\" class=\"wc-block-grid__product-link\">\n\t\t\t\t\t\n\t\t\t\t\t<div class=\"wc-block-grid__product-image\"><img fetchpriority=\"high\" decoding=\"async\" width=\"300\" height=\"300\" src=\"https:\/\/urbanotoursrd.com\/wp-content\/uploads\/woocommerce-placeholder-300x300.png\" class=\"woocommerce-placeholder wp-post-image\" alt=\"\" srcset=\"https:\/\/urbanotoursrd.com\/wp-content\/uploads\/woocommerce-placeholder-300x300.png 300w, https:\/\/urbanotoursrd.com\/wp-content\/uploads\/woocommerce-placeholder-100x100.png 100w, https:\/\/urbanotoursrd.com\/wp-content\/uploads\/woocommerce-placeholder-600x600.png 600w, https:\/\/urbanotoursrd.com\/wp-content\/uploads\/woocommerce-placeholder-1024x1024.png 1024w, https:\/\/urbanotoursrd.com\/wp-content\/uploads\/woocommerce-placeholder-150x150.png 150w, https:\/\/urbanotoursrd.com\/wp-content\/uploads\/woocommerce-placeholder-768x768.png 768w, https:\/\/urbanotoursrd.com\/wp-content\/uploads\/woocommerce-placeholder-590x590.png 590w, https:\/\/urbanotoursrd.com\/wp-content\/uploads\/woocommerce-placeholder-670x670.png 670w, https:\/\/urbanotoursrd.com\/wp-content\/uploads\/woocommerce-placeholder-577x577.png 577w, https:\/\/urbanotoursrd.com\/wp-content\/uploads\/woocommerce-placeholder-200x200.png 200w, https:\/\/urbanotoursrd.com\/wp-content\/uploads\/woocommerce-placeholder.png 1200w\" sizes=\"(max-width: 300px) 100vw, 300px\" \/><\/div>\n\t\t\t\t\t<div class=\"wc-block-grid__product-title\">Calle 42 \u2014 El Capotillo: Recorrido cultural a pie<\/div>\n\t\t\t\t<\/a>\n\t\t\t\t<div class=\"wc-block-grid__product-price price\"><\/div>\n\t\t\t\t\n\t\t\t\t<div class=\"wp-block-button wc-block-grid__product-add-to-cart\"><a href=\"\/es\/wp-json\/wp\/v2\/pages\/13?add-to-cart=836\" aria-label=\"Add to cart: \u201c42nd Street \u2014 El Capotillo: Cultural Walking Tour\u201d\" data-quantity=\"1\" data-product_id=\"836\" data-product_sku=\"\" data-price=\"0\" rel=\"nofollow\" class=\"wp-block-button__link  add_to_cart_button ajax_add_to_cart\" data-no-translation-aria-label=\"\">Add to cart<\/a><\/div>\n\t\t\t<\/li><li class=\"wc-block-grid__product\">\n\t\t\t\t<a href=\"https:\/\/urbanotoursrd.com\/es\/product\/borrador-automatico-4\/\" class=\"wc-block-grid__product-link\">\n\t\t\t\t\t\n\t\t\t\t\t<div class=\"wc-block-grid__product-image\"><img fetchpriority=\"high\" decoding=\"async\" width=\"300\" height=\"300\" src=\"https:\/\/urbanotoursrd.com\/wp-content\/uploads\/woocommerce-placeholder-300x300.png\" class=\"woocommerce-placeholder wp-post-image\" alt=\"\" srcset=\"https:\/\/urbanotoursrd.com\/wp-content\/uploads\/woocommerce-placeholder-300x300.png 300w, https:\/\/urbanotoursrd.com\/wp-content\/uploads\/woocommerce-placeholder-100x100.png 100w, https:\/\/urbanotoursrd.com\/wp-content\/uploads\/woocommerce-placeholder-600x600.png 600w, https:\/\/urbanotoursrd.com\/wp-content\/uploads\/woocommerce-placeholder-1024x1024.png 1024w, https:\/\/urbanotoursrd.com\/wp-content\/uploads\/woocommerce-placeholder-150x150.png 150w, https:\/\/urbanotoursrd.com\/wp-content\/uploads\/woocommerce-placeholder-768x768.png 768w, https:\/\/urbanotoursrd.com\/wp-content\/uploads\/woocommerce-placeholder-590x590.png 590w, https:\/\/urbanotoursrd.com\/wp-content\/uploads\/woocommerce-placeholder-670x670.png 670w, https:\/\/urbanotoursrd.com\/wp-content\/uploads\/woocommerce-placeholder-577x577.png 577w, https:\/\/urbanotoursrd.com\/wp-content\/uploads\/woocommerce-placeholder-200x200.png 200w, https:\/\/urbanotoursrd.com\/wp-content\/uploads\/woocommerce-placeholder.png 1200w\" sizes=\"(max-width: 300px) 100vw, 300px\" \/><\/div>\n\t\t\t\t\t<div class=\"wc-block-grid__product-title\">Santo Domingo Top: Aventura en barco por la Zona Colonial<\/div>\n\t\t\t\t<\/a>\n\t\t\t\t<div class=\"wc-block-grid__product-price price\"><\/div>\n\t\t\t\t\n\t\t\t\t<div class=\"wp-block-button wc-block-grid__product-add-to-cart\"><a href=\"\/es\/wp-json\/wp\/v2\/pages\/13?add-to-cart=794\" aria-label=\"Add to cart: \u201cSanto Domingo Top: Colonial Zone Boat Ride Adventure\u201d\" data-quantity=\"1\" data-product_id=\"794\" data-product_sku=\"\" data-price=\"0\" rel=\"nofollow\" class=\"wp-block-button__link  add_to_cart_button ajax_add_to_cart\" data-no-translation-aria-label=\"\">Add to cart<\/a><\/div>\n\t\t\t<\/li><li class=\"wc-block-grid__product\">\n\t\t\t\t<a href=\"https:\/\/urbanotoursrd.com\/es\/product\/borrador-automatico-3\/\" class=\"wc-block-grid__product-link\">\n\t\t\t\t\t\n\t\t\t\t\t<div class=\"wc-block-grid__product-image\"><img decoding=\"async\" width=\"300\" height=\"300\" src=\"https:\/\/urbanotoursrd.com\/wp-content\/uploads\/2025\/08\/Imagen-de-WhatsApp-2025-03-20-a-las-20.45.26_aed24dca-300x300.webp\" class=\"attachment-woocommerce_thumbnail size-woocommerce_thumbnail\" alt=\"Full-Day Mountain &amp; Waterfall Adventure Tour from Santo Domingo\" srcset=\"https:\/\/urbanotoursrd.com\/wp-content\/uploads\/2025\/08\/Imagen-de-WhatsApp-2025-03-20-a-las-20.45.26_aed24dca-300x300.webp 300w, https:\/\/urbanotoursrd.com\/wp-content\/uploads\/2025\/08\/Imagen-de-WhatsApp-2025-03-20-a-las-20.45.26_aed24dca-150x150.webp 150w, https:\/\/urbanotoursrd.com\/wp-content\/uploads\/2025\/08\/Imagen-de-WhatsApp-2025-03-20-a-las-20.45.26_aed24dca-590x590.webp 590w, https:\/\/urbanotoursrd.com\/wp-content\/uploads\/2025\/08\/Imagen-de-WhatsApp-2025-03-20-a-las-20.45.26_aed24dca-200x200.webp 200w, https:\/\/urbanotoursrd.com\/wp-content\/uploads\/2025\/08\/Imagen-de-WhatsApp-2025-03-20-a-las-20.45.26_aed24dca-100x100.webp 100w\" sizes=\"(max-width: 300px) 100vw, 300px\" \/><\/div>\n\t\t\t\t\t<div class=\"wc-block-grid__product-title\">Excursi\u00f3n de aventura de d\u00eda completo a la monta\u00f1a y cascadas desde Santo Domingo<\/div>\n\t\t\t\t<\/a>\n\t\t\t\t<div class=\"wc-block-grid__product-price price\"><\/div>\n\t\t\t\t\n\t\t\t\t<div class=\"wp-block-button wc-block-grid__product-add-to-cart\"><a href=\"\/es\/wp-json\/wp\/v2\/pages\/13?add-to-cart=746\" aria-label=\"Add to cart: \u201cFull-Day Mountain &amp; Waterfall Adventure Tour from Santo Domingo\u201d\" data-quantity=\"1\" data-product_id=\"746\" data-product_sku=\"\" data-price=\"0\" rel=\"nofollow\" class=\"wp-block-button__link  add_to_cart_button ajax_add_to_cart\" data-no-translation-aria-label=\"\">Add to cart<\/a><\/div>\n\t\t\t<\/li><li class=\"wc-block-grid__product\">\n\t\t\t\t<a href=\"https:\/\/urbanotoursrd.com\/es\/product\/borrador-automatico\/\" class=\"wc-block-grid__product-link\">\n\t\t\t\t\t\n\t\t\t\t\t<div class=\"wc-block-grid__product-image\"><img decoding=\"async\" width=\"300\" height=\"300\" src=\"https:\/\/urbanotoursrd.com\/wp-content\/uploads\/2025\/08\/IMG_8528-scaled-e1771802505118-300x300.webp\" class=\"attachment-woocommerce_thumbnail size-woocommerce_thumbnail\" alt=\"Saona Island Full-Day Adventure\" srcset=\"https:\/\/urbanotoursrd.com\/wp-content\/uploads\/2025\/08\/IMG_8528-scaled-e1771802505118-300x300.webp 300w, https:\/\/urbanotoursrd.com\/wp-content\/uploads\/2025\/08\/IMG_8528-scaled-e1771802505118-150x150.webp 150w, https:\/\/urbanotoursrd.com\/wp-content\/uploads\/2025\/08\/IMG_8528-scaled-e1771802505118-590x590.webp 590w, https:\/\/urbanotoursrd.com\/wp-content\/uploads\/2025\/08\/IMG_8528-scaled-e1771802505118-200x200.webp 200w, https:\/\/urbanotoursrd.com\/wp-content\/uploads\/2025\/08\/IMG_8528-scaled-e1771802505118-100x100.webp 100w\" sizes=\"(max-width: 300px) 100vw, 300px\" \/><\/div>\n\t\t\t\t\t<div class=\"wc-block-grid__product-title\">Aventura de d\u00eda completo en la Isla Saona<\/div>\n\t\t\t\t<\/a>\n\t\t\t\t<div class=\"wc-block-grid__product-price price\"><\/div>\n\t\t\t\t\n\t\t\t\t<div class=\"wp-block-button wc-block-grid__product-add-to-cart\"><a href=\"\/es\/wp-json\/wp\/v2\/pages\/13?add-to-cart=723\" aria-label=\"Add to cart: \u201cSaona Island Full-Day Adventure\u201d\" data-quantity=\"1\" data-product_id=\"723\" data-product_sku=\"\" data-price=\"0\" rel=\"nofollow\" class=\"wp-block-button__link  add_to_cart_button ajax_add_to_cart\" data-no-translation-aria-label=\"\">Add to cart<\/a><\/div>\n\t\t\t<\/li><\/ul><\/div><\/div>\n<\/div>","protected":false},"excerpt":{"rendered":"","protected":false},"author":1,"featured_media":0,"parent":0,"menu_order":0,"comment_status":"closed","ping_status":"closed","template":"","meta":{"_joinchat":[],"footnotes":""},"class_list":["post-13","page","type-page","status-publish","hentry"],"_links":{"self":[{"href":"https:\/\/urbanotoursrd.com\/es\/wp-json\/wp\/v2\/pages\/13","targetHints":{"allow":["GET"]}}],"collection":[{"href":"https:\/\/urbanotoursrd.com\/es\/wp-json\/wp\/v2\/pages"}],"about":[{"href":"https:\/\/urbanotoursrd.com\/es\/wp-json\/wp\/v2\/types\/page"}],"author":[{"embeddable":true,"href":"https:\/\/urbanotoursrd.com\/es\/wp-json\/wp\/v2\/users\/1"}],"replies":[{"embeddable":true,"href":"https:\/\/urbanotoursrd.com\/es\/wp-json\/wp\/v2\/comments?post=13"}],"version-history":[{"count":1,"href":"https:\/\/urbanotoursrd.com\/es\/wp-json\/wp\/v2\/pages\/13\/revisions"}],"predecessor-version":[{"id":269,"href":"https:\/\/urbanotoursrd.com\/es\/wp-json\/wp\/v2\/pages\/13\/revisions\/269"}],"wp:attachment":[{"href":"https:\/\/urbanotoursrd.com\/es\/wp-json\/wp\/v2\/media?parent=13"}],"curies":[{"name":"wp","href":"https:\/\/api.w.org\/{rel}","templated":true}]}}